{"id":644,"date":"2020-05-29T12:40:33","date_gmt":"2020-05-29T12:40:33","guid":{"rendered":"https:\/\/zeltlager-thuine.de\/neu\/?page_id=644"},"modified":"2021-01-31T21:15:13","modified_gmt":"2021-01-31T21:15:13","slug":"2018-2","status":"publish","type":"page","link":"https:\/\/zeltlager-thuine.de\/index.php\/2018-2\/","title":{"rendered":"2018"},"content":{"rendered":"\t\t<div data-elementor-type=\"wp-page\" data-elementor-id=\"644\" class=\"elementor elementor-644\">\n\t\t\t\t\t\t<section class=\"elementor-section elementor-top-section elementor-element elementor-element-04dcea1 elementor-section-boxed elementor-section-height-default elementor-section-height-default\" data-id=\"04dcea1\" data-element_type=\"section\">\n\t\t\t\t\t\t<div class=\"elementor-container elementor-column-gap-default\">\n\t\t\t\t\t<div class=\"elementor-column elementor-col-100 elementor-top-column elementor-element elementor-element-5f28e16\" data-id=\"5f28e16\" data-element_type=\"column\">\n\t\t\t<div class=\"elementor-widget-wrap elementor-element-populated\">\n\t\t\t\t\t\t<div class=\"elementor-element elementor-element-036d80b elementor-widget elementor-widget-heading\" data-id=\"036d80b\" data-element_type=\"widget\" data-widget_type=\"heading.default\">\n\t\t\t\t<div class=\"elementor-widget-container\">\n\t\t\t<h2 class=\"elementor-heading-title elementor-size-default\"><br>Zeltlager vom 30. Juni bis zum 07. Juli 2018 in Halle<\/h2>\t\t<\/div>\n\t\t\t\t<\/div>\n\t\t\t\t\t<\/div>\n\t\t<\/div>\n\t\t\t\t\t<\/div>\n\t\t<\/section>\n\t\t\t\t<section class=\"elementor-section elementor-top-section elementor-element elementor-element-9f08ee7 elementor-section-boxed elementor-section-height-default elementor-section-height-default\" data-id=\"9f08ee7\" data-element_type=\"section\">\n\t\t\t\t\t\t<div class=\"elementor-container elementor-column-gap-default\">\n\t\t\t\t\t<div class=\"elementor-column elementor-col-100 elementor-top-column elementor-element elementor-element-d539a8b\" data-id=\"d539a8b\" data-element_type=\"column\">\n\t\t\t<div class=\"elementor-widget-wrap elementor-element-populated\">\n\t\t\t\t\t\t<div class=\"elementor-element elementor-element-80cddf8 elementor-widget elementor-widget-image\" data-id=\"80cddf8\" data-element_type=\"widget\" data-widget_type=\"image.default\">\n\t\t\t\t<div class=\"elementor-widget-container\">\n\t\t\t\t\t\t\t\t\t\t\t\t\t<img decoding=\"async\" src=\"https:\/\/zeltlager-thuine.de\/wp-content\/uploads\/2021\/01\/zela_2018_Bericht_01.jpg\" title=\"\" alt=\"\" loading=\"lazy\" \/>\t\t\t\t\t\t\t\t\t\t\t\t\t<\/div>\n\t\t\t\t<\/div>\n\t\t\t\t\t<\/div>\n\t\t<\/div>\n\t\t\t\t\t<\/div>\n\t\t<\/section>\n\t\t\t\t<section class=\"elementor-section elementor-top-section elementor-element elementor-element-c5a6474 elementor-section-boxed elementor-section-height-default elementor-section-height-default\" data-id=\"c5a6474\" data-element_type=\"section\">\n\t\t\t\t\t\t<div class=\"elementor-container elementor-column-gap-default\">\n\t\t\t\t\t<div class=\"elementor-column elementor-col-100 elementor-top-column elementor-element elementor-element-e814393\" data-id=\"e814393\" data-element_type=\"column\">\n\t\t\t<div class=\"elementor-widget-wrap elementor-element-populated\">\n\t\t\t\t\t\t<div class=\"elementor-element elementor-element-3624103 elementor-widget elementor-widget-text-editor\" data-id=\"3624103\" data-element_type=\"widget\" data-widget_type=\"text-editor.default\">\n\t\t\t\t<div class=\"elementor-widget-container\">\n\t\t\t\t\t\t\t<p><font color=\"#000000\">Am Samstag, den 30.06.2018 nahmen 71 Kinder bei strahlendem Sonnenschein ihren Weg zum Zeltlager in Halle bei Neuenhaus (Grafschaft Bentheim) auf. Die gut 50 km lange Fahrradtour wurde traditionell durch das 22-k\u00f6pfige Team um Ludger Gude begleitet, denen ein besonderer Dank gilt.<\/font><\/p>\t\t\t\t\t\t<\/div>\n\t\t\t\t<\/div>\n\t\t\t\t\t<\/div>\n\t\t<\/div>\n\t\t\t\t\t<\/div>\n\t\t<\/section>\n\t\t\t\t<section class=\"elementor-section elementor-top-section elementor-element elementor-element-a235e80 elementor-section-boxed elementor-section-height-default elementor-section-height-default\" data-id=\"a235e80\" data-element_type=\"section\">\n\t\t\t\t\t\t<div class=\"elementor-container elementor-column-gap-default\">\n\t\t\t\t\t<div class=\"elementor-column elementor-col-100 elementor-top-column elementor-element elementor-element-ede8444\" data-id=\"ede8444\" data-element_type=\"column\">\n\t\t\t<div class=\"elementor-widget-wrap elementor-element-populated\">\n\t\t\t\t\t\t<div class=\"elementor-element elementor-element-05fb6e9 elementor-widget elementor-widget-image\" data-id=\"05fb6e9\" data-element_type=\"widget\" data-widget_type=\"image.default\">\n\t\t\t\t<div class=\"elementor-widget-container\">\n\t\t\t\t\t\t\t\t\t\t\t\t\t<img decoding=\"async\" src=\"https:\/\/zeltlager-thuine.de\/wp-content\/uploads\/2021\/01\/zela_2018_Bericht_02.jpg\" title=\"\" alt=\"\" loading=\"lazy\" \/>\t\t\t\t\t\t\t\t\t\t\t\t\t<\/div>\n\t\t\t\t<\/div>\n\t\t\t\t\t<\/div>\n\t\t<\/div>\n\t\t\t\t\t<\/div>\n\t\t<\/section>\n\t\t\t\t<section class=\"elementor-section elementor-top-section elementor-element elementor-element-8def274 elementor-section-boxed elementor-section-height-default elementor-section-height-default\" data-id=\"8def274\" data-element_type=\"section\">\n\t\t\t\t\t\t<div class=\"elementor-container elementor-column-gap-default\">\n\t\t\t\t\t<div class=\"elementor-column elementor-col-100 elementor-top-column elementor-element elementor-element-890af8d\" data-id=\"890af8d\" data-element_type=\"column\">\n\t\t\t<div class=\"elementor-widget-wrap elementor-element-populated\">\n\t\t\t\t\t\t<div class=\"elementor-element elementor-element-7844a4f elementor-widget elementor-widget-text-editor\" data-id=\"7844a4f\" data-element_type=\"widget\" data-widget_type=\"text-editor.default\">\n\t\t\t\t<div class=\"elementor-widget-container\">\n\t\t\t\t\t\t\t<p><span style=\"color: #000000;\">Nach der sicheren Ankunft und einem erfrischenden Becher \u201eModerna\u201c wurde direkt mit der Einrichtung der Zelte und des Bastelns der Namensschilder f\u00fcr diese begonnen. Sp\u00e4testens nach der altbekannten Lagerrunde mit vielen neuen Spieleideen war dann wirklich jeder im Lager \u201eangekommen\u201c.<\/span><\/p>\t\t\t\t\t\t<\/div>\n\t\t\t\t<\/div>\n\t\t\t\t\t<\/div>\n\t\t<\/div>\n\t\t\t\t\t<\/div>\n\t\t<\/section>\n\t\t\t\t<section class=\"elementor-section elementor-top-section elementor-element elementor-element-8533de6 elementor-section-boxed elementor-section-height-default elementor-section-height-default\" data-id=\"8533de6\" data-element_type=\"section\">\n\t\t\t\t\t\t<div class=\"elementor-container elementor-column-gap-default\">\n\t\t\t\t\t<div class=\"elementor-column elementor-col-100 elementor-top-column elementor-element elementor-element-540b738\" data-id=\"540b738\" data-element_type=\"column\">\n\t\t\t<div class=\"elementor-widget-wrap elementor-element-populated\">\n\t\t\t\t\t\t<div class=\"elementor-element elementor-element-e074a66 elementor-widget elementor-widget-image\" data-id=\"e074a66\" data-element_type=\"widget\" data-widget_type=\"image.default\">\n\t\t\t\t<div class=\"elementor-widget-container\">\n\t\t\t\t\t\t\t\t\t\t\t\t\t<img decoding=\"async\" src=\"https:\/\/zeltlager-thuine.de\/wp-content\/uploads\/2021\/01\/zela_2018_Bericht_03.jpg\" title=\"\" alt=\"\" loading=\"lazy\" \/>\t\t\t\t\t\t\t\t\t\t\t\t\t<\/div>\n\t\t\t\t<\/div>\n\t\t\t\t\t<\/div>\n\t\t<\/div>\n\t\t\t\t\t<\/div>\n\t\t<\/section>\n\t\t\t\t<section class=\"elementor-section elementor-top-section elementor-element elementor-element-e15d80f elementor-section-boxed elementor-section-height-default elementor-section-height-default\" data-id=\"e15d80f\" data-element_type=\"section\">\n\t\t\t\t\t\t<div class=\"elementor-container elementor-column-gap-default\">\n\t\t\t\t\t<div class=\"elementor-column elementor-col-100 elementor-top-column elementor-element elementor-element-11b7f24\" data-id=\"11b7f24\" data-element_type=\"column\">\n\t\t\t<div class=\"elementor-widget-wrap elementor-element-populated\">\n\t\t\t\t\t\t<div class=\"elementor-element elementor-element-92ce96c elementor-widget elementor-widget-text-editor\" data-id=\"92ce96c\" data-element_type=\"widget\" data-widget_type=\"text-editor.default\">\n\t\t\t\t<div class=\"elementor-widget-container\">\n\t\t\t\t\t\t\t<p><span style=\"color: #000000;\">Am Sonntag feierte Pastor H\u00f6ckelmann mit uns die heilige Messe, welche von den Gruppenleitern vorbereitet und den Kindern mitgestaltet wurde. <\/span><\/p>\t\t\t\t\t\t<\/div>\n\t\t\t\t<\/div>\n\t\t\t\t\t<\/div>\n\t\t<\/div>\n\t\t\t\t\t<\/div>\n\t\t<\/section>\n\t\t\t\t<section class=\"elementor-section elementor-top-section elementor-element elementor-element-7fde758 elementor-section-boxed elementor-section-height-default elementor-section-height-default\" data-id=\"7fde758\" data-element_type=\"section\">\n\t\t\t\t\t\t<div class=\"elementor-container elementor-column-gap-default\">\n\t\t\t\t\t<div class=\"elementor-column elementor-col-100 elementor-top-column elementor-element elementor-element-25969fd\" data-id=\"25969fd\" data-element_type=\"column\">\n\t\t\t<div class=\"elementor-widget-wrap elementor-element-populated\">\n\t\t\t\t\t\t<div class=\"elementor-element elementor-element-9fa61d8 elementor-widget elementor-widget-image\" data-id=\"9fa61d8\" data-element_type=\"widget\" data-widget_type=\"image.default\">\n\t\t\t\t<div class=\"elementor-widget-container\">\n\t\t\t\t\t\t\t\t\t\t\t\t\t<img decoding=\"async\" src=\"https:\/\/zeltlager-thuine.de\/wp-content\/uploads\/2021\/01\/zela_2018_Bericht_06.jpg\" title=\"\" alt=\"\" loading=\"lazy\" \/>\t\t\t\t\t\t\t\t\t\t\t\t\t<\/div>\n\t\t\t\t<\/div>\n\t\t\t\t\t<\/div>\n\t\t<\/div>\n\t\t\t\t\t<\/div>\n\t\t<\/section>\n\t\t\t\t<section class=\"elementor-section elementor-top-section elementor-element elementor-element-4f84342 elementor-section-boxed elementor-section-height-default elementor-section-height-default\" data-id=\"4f84342\" data-element_type=\"section\">\n\t\t\t\t\t\t<div class=\"elementor-container elementor-column-gap-default\">\n\t\t\t\t\t<div class=\"elementor-column elementor-col-100 elementor-top-column elementor-element elementor-element-d260ee9\" data-id=\"d260ee9\" data-element_type=\"column\">\n\t\t\t<div class=\"elementor-widget-wrap elementor-element-populated\">\n\t\t\t\t\t\t<div class=\"elementor-element elementor-element-69622f1 elementor-widget elementor-widget-text-editor\" data-id=\"69622f1\" data-element_type=\"widget\" data-widget_type=\"text-editor.default\">\n\t\t\t\t<div class=\"elementor-widget-container\">\n\t\t\t\t\t\t\t<p><span style=\"color: #000000;\">Am folgenden Tag ging es nach dem Sportturnier und einem Besuch des Freibades in das Duell \u201eAlte Herren vs. Zeltlager\u201c. Schlussendlich konnte das Zeltlager nach verschiedenen Disziplinen wie Wetts\u00e4gen, Seife auspumpen oder Rad schlagen den Abend knapp f\u00fcr sich entscheiden.\u00a0<\/span><\/p>\t\t\t\t\t\t<\/div>\n\t\t\t\t<\/div>\n\t\t\t\t\t<\/div>\n\t\t<\/div>\n\t\t\t\t\t<\/div>\n\t\t<\/section>\n\t\t\t\t<section class=\"elementor-section elementor-top-section elementor-element elementor-element-8df698a elementor-section-boxed elementor-section-height-default elementor-section-height-default\" data-id=\"8df698a\" data-element_type=\"section\">\n\t\t\t\t\t\t<div class=\"elementor-container elementor-column-gap-default\">\n\t\t\t\t\t<div class=\"elementor-column elementor-col-100 elementor-top-column elementor-element elementor-element-d1e2456\" data-id=\"d1e2456\" data-element_type=\"column\">\n\t\t\t<div class=\"elementor-widget-wrap elementor-element-populated\">\n\t\t\t\t\t\t<div class=\"elementor-element elementor-element-dcd9b00 elementor-widget elementor-widget-text-editor\" data-id=\"dcd9b00\" data-element_type=\"widget\" data-widget_type=\"text-editor.default\">\n\t\t\t\t<div class=\"elementor-widget-container\">\n\t\t\t\t\t\t\t<p><span style=\"color: #000000;\">Der Dienstag stand ganz im Zeichen der nur wenige Kilometer entfernten Niederlande. Bevor es mit dem Fahrrad \u00fcber die Grenze ging, mussten allerdings noch einige Spiele bestritten werden, die sich rund um unser Nachbarland drehten. F\u00fcr den gem\u00fctlichen Tagesausklang sorgte die \u201eNacht ohne Strom\u201c mit Stockbrot, Gitarre und Gesang am Lagerfeuer. <\/span><\/p>\t\t\t\t\t\t<\/div>\n\t\t\t\t<\/div>\n\t\t\t\t\t<\/div>\n\t\t<\/div>\n\t\t\t\t\t<\/div>\n\t\t<\/section>\n\t\t\t\t<section class=\"elementor-section elementor-top-section elementor-element elementor-element-dfe7e1f elementor-section-boxed elementor-section-height-default elementor-section-height-default\" data-id=\"dfe7e1f\" data-element_type=\"section\">\n\t\t\t\t\t\t<div class=\"elementor-container elementor-column-gap-default\">\n\t\t\t\t\t<div class=\"elementor-column elementor-col-100 elementor-top-column elementor-element elementor-element-69d1f86\" data-id=\"69d1f86\" data-element_type=\"column\">\n\t\t\t<div class=\"elementor-widget-wrap elementor-element-populated\">\n\t\t\t\t\t\t<div class=\"elementor-element elementor-element-cf5eacf elementor-widget elementor-widget-image\" data-id=\"cf5eacf\" data-element_type=\"widget\" data-widget_type=\"image.default\">\n\t\t\t\t<div class=\"elementor-widget-container\">\n\t\t\t\t\t\t\t\t\t\t\t\t\t<img decoding=\"async\" src=\"https:\/\/zeltlager-thuine.de\/wp-content\/uploads\/2021\/01\/zela_2018_Bericht_05.jpg\" title=\"\" alt=\"\" loading=\"lazy\" \/>\t\t\t\t\t\t\t\t\t\t\t\t\t<\/div>\n\t\t\t\t<\/div>\n\t\t\t\t\t<\/div>\n\t\t<\/div>\n\t\t\t\t\t<\/div>\n\t\t<\/section>\n\t\t\t\t<section class=\"elementor-section elementor-top-section elementor-element elementor-element-5c833e2 elementor-section-boxed elementor-section-height-default elementor-section-height-default\" data-id=\"5c833e2\" data-element_type=\"section\">\n\t\t\t\t\t\t<div class=\"elementor-container elementor-column-gap-default\">\n\t\t\t\t\t<div class=\"elementor-column elementor-col-100 elementor-top-column elementor-element elementor-element-f25c367\" data-id=\"f25c367\" data-element_type=\"column\">\n\t\t\t<div class=\"elementor-widget-wrap elementor-element-populated\">\n\t\t\t\t\t\t<div class=\"elementor-element elementor-element-ba7f5c2 elementor-widget elementor-widget-text-editor\" data-id=\"ba7f5c2\" data-element_type=\"widget\" data-widget_type=\"text-editor.default\">\n\t\t\t\t<div class=\"elementor-widget-container\">\n\t\t\t\t\t\t\t<p><span style=\"color: #000000;\">Dank der Dinkel, die direkt an unserer Wiese vorbeifloss, konnten wir am Mittwoch eine kleine Kanu-Tour unternehmen. Auch hier profitierten alle von dem durchgehend perfekten Wetter. Das Highlight des Tages stellte aber sicherlich die Nachtwanderung dar, die den Puls schon mal f\u00fcr den anschlie\u00dfenden gro\u00dfen \u00dcberfall in die H\u00f6he trieb. Nat\u00fcrlich konnte der Wimpel erfolgreich verteidigt werden.<\/span><\/p>\t\t\t\t\t\t<\/div>\n\t\t\t\t<\/div>\n\t\t\t\t\t<\/div>\n\t\t<\/div>\n\t\t\t\t\t<\/div>\n\t\t<\/section>\n\t\t\t\t<section class=\"elementor-section elementor-top-section elementor-element elementor-element-22ac453 elementor-section-boxed elementor-section-height-default elementor-section-height-default\" data-id=\"22ac453\" data-element_type=\"section\">\n\t\t\t\t\t\t<div class=\"elementor-container elementor-column-gap-default\">\n\t\t\t\t\t<div class=\"elementor-column elementor-col-100 elementor-top-column elementor-element elementor-element-29f44e6\" data-id=\"29f44e6\" data-element_type=\"column\">\n\t\t\t<div class=\"elementor-widget-wrap elementor-element-populated\">\n\t\t\t\t\t\t<div class=\"elementor-element elementor-element-36b4da7 elementor-widget elementor-widget-image\" data-id=\"36b4da7\" data-element_type=\"widget\" data-widget_type=\"image.default\">\n\t\t\t\t<div class=\"elementor-widget-container\">\n\t\t\t\t\t\t\t\t\t\t\t\t\t<img decoding=\"async\" src=\"https:\/\/zeltlager-thuine.de\/wp-content\/uploads\/2021\/01\/zela_2018_Bericht_04.jpg\" title=\"\" alt=\"\" loading=\"lazy\" \/>\t\t\t\t\t\t\t\t\t\t\t\t\t<\/div>\n\t\t\t\t<\/div>\n\t\t\t\t\t<\/div>\n\t\t<\/div>\n\t\t\t\t\t<\/div>\n\t\t<\/section>\n\t\t\t\t<section class=\"elementor-section elementor-top-section elementor-element elementor-element-fef91c4 elementor-section-boxed elementor-section-height-default elementor-section-height-default\" data-id=\"fef91c4\" data-element_type=\"section\">\n\t\t\t\t\t\t<div class=\"elementor-container elementor-column-gap-default\">\n\t\t\t\t\t<div class=\"elementor-column elementor-col-100 elementor-top-column elementor-element elementor-element-49943d6\" data-id=\"49943d6\" data-element_type=\"column\">\n\t\t\t<div class=\"elementor-widget-wrap elementor-element-populated\">\n\t\t\t\t\t\t<div class=\"elementor-element elementor-element-778cc84 elementor-widget elementor-widget-text-editor\" data-id=\"778cc84\" data-element_type=\"widget\" data-widget_type=\"text-editor.default\">\n\t\t\t\t<div class=\"elementor-widget-container\">\n\t\t\t\t\t\t\t<p><span style=\"color: #000000;\">F\u00fcr Partystimmung sorgten die Abendveranstaltungen am Donnerstag und Freitag mit Casino und anschlie\u00dfender Disco sowie dem bunten Abend unter der \u00dcberschrift \u201eLet\u00b4s Dance\u201c, der in Sachen Tanzf\u00e4higkeiten das TV-Original deutlich \u00fcbertraf, wenn auch die Jungen der 9. Klasse sich eher mit anderen Methoden den Sieg sicherten. Den feierlichen Schlusspunkt dieser \u00fcberragenden Woche setzte das Feuerwerk.<\/span><\/p>\t\t\t\t\t\t<\/div>\n\t\t\t\t<\/div>\n\t\t\t\t\t<\/div>\n\t\t<\/div>\n\t\t\t\t\t<\/div>\n\t\t<\/section>\n\t\t\t\t<section class=\"elementor-section elementor-top-section elementor-element elementor-element-e850e7d elementor-section-boxed elementor-section-height-default elementor-section-height-default\" data-id=\"e850e7d\" data-element_type=\"section\">\n\t\t\t\t\t\t<div class=\"elementor-container elementor-column-gap-default\">\n\t\t\t\t\t<div class=\"elementor-column elementor-col-100 elementor-top-column elementor-element elementor-element-f5d00cd\" data-id=\"f5d00cd\" data-element_type=\"column\">\n\t\t\t<div class=\"elementor-widget-wrap elementor-element-populated\">\n\t\t\t\t\t\t<div class=\"elementor-element elementor-element-b5c5915 elementor-widget elementor-widget-text-editor\" data-id=\"b5c5915\" data-element_type=\"widget\" data-widget_type=\"text-editor.default\">\n\t\t\t\t<div class=\"elementor-widget-container\">\n\t\t\t\t\t\t\t<p><span style=\"color: #000000;\">Am Samstag ging es dann f\u00fcr die Kinder nach einer aufregenden und sommerlichen Zeltlagerwoche mit dem Bus nach Hause. Auch die Gruppenleiter und das K\u00fcchenteam konnten nach dem Abbau des Lagers und der Einlagerung des Materials wieder in das eigene Bett fallen, um eine Woche Schlaf nachzuholen.<\/span><\/p>\t\t\t\t\t\t<\/div>\n\t\t\t\t<\/div>\n\t\t\t\t\t<\/div>\n\t\t<\/div>\n\t\t\t\t\t<\/div>\n\t\t<\/section>\n\t\t\t\t<section class=\"elementor-section elementor-top-section elementor-element elementor-element-6258332 elementor-section-boxed elementor-section-height-default elementor-section-height-default\" data-id=\"6258332\" data-element_type=\"section\">\n\t\t\t\t\t\t<div class=\"elementor-container elementor-column-gap-default\">\n\t\t\t\t\t<div class=\"elementor-column elementor-col-100 elementor-top-column elementor-element elementor-element-6eedef7\" data-id=\"6eedef7\" data-element_type=\"column\">\n\t\t\t<div class=\"elementor-widget-wrap elementor-element-populated\">\n\t\t\t\t\t\t<div class=\"elementor-element elementor-element-dc17a9a elementor-widget elementor-widget-image\" data-id=\"dc17a9a\" data-element_type=\"widget\" data-widget_type=\"image.default\">\n\t\t\t\t<div class=\"elementor-widget-container\">\n\t\t\t\t\t\t\t\t\t\t\t\t\t<img decoding=\"async\" src=\"https:\/\/zeltlager-thuine.de\/wp-content\/uploads\/2021\/01\/zela_2018_Bericht_07.jpg\" title=\"\" alt=\"\" loading=\"lazy\" \/>\t\t\t\t\t\t\t\t\t\t\t\t\t<\/div>\n\t\t\t\t<\/div>\n\t\t\t\t\t<\/div>\n\t\t<\/div>\n\t\t\t\t\t<\/div>\n\t\t<\/section>\n\t\t\t\t<section class=\"elementor-section elementor-top-section elementor-element elementor-element-c2cbb35 elementor-section-boxed elementor-section-height-default elementor-section-height-default\" data-id=\"c2cbb35\" data-element_type=\"section\">\n\t\t\t\t\t\t<div class=\"elementor-container elementor-column-gap-default\">\n\t\t\t\t\t<div class=\"elementor-column elementor-col-100 elementor-top-column elementor-element elementor-element-7bc4628\" data-id=\"7bc4628\" data-element_type=\"column\">\n\t\t\t<div class=\"elementor-widget-wrap elementor-element-populated\">\n\t\t\t\t\t\t<div class=\"elementor-element elementor-element-c28a6cf elementor-widget elementor-widget-text-editor\" data-id=\"c28a6cf\" data-element_type=\"widget\" data-widget_type=\"text-editor.default\">\n\t\t\t\t<div class=\"elementor-widget-container\">\n\t\t\t\t\t\t\t<p><span style=\"color: #000000;\">Wir bedanken uns ganz herzlich bei allen Personen und Firmen, die uns bei der Vorbereitung und Durchf\u00fchrung des Zeltlagers 2018 in welcher Form auch immer unterst\u00fctzt haben.<\/span><\/p><p><span style=\"color: #000000;\">DANKE!<\/span><\/p><p><span style=\"color: #000000;\">Auf Grund der zu dem Zeitpunkt des Zeltlagers g\u00fcltigen EU-Datenschutz-Grundverordnung konnten nur wenige Fotos ver\u00f6ffentlicht werden.<\/span><\/p><p><span style=\"color: #000000; font-family: Arial, sans-serif; font-size: 14px; font-style: normal; font-variant-ligatures: normal; font-variant-caps: normal; font-weight: 500;\">Stand: 29.05.2020<\/span><span style=\"color: #000000;\"><br \/><\/span><\/p>\t\t\t\t\t\t<\/div>\n\t\t\t\t<\/div>\n\t\t\t\t\t<\/div>\n\t\t<\/div>\n\t\t\t\t\t<\/div>\n\t\t<\/section>\n\t\t\t\t<\/div>\n\t\t","protected":false},"excerpt":{"rendered":"<p>Zeltlager vom 30. Juni bis zum 07. Juli 2018 in Halle Am Samstag, den 30.06.2018 nahmen 71 Kinder bei strahlendem Sonnenschein ihren Weg zum Zeltlager in Halle bei Neuenhaus (Grafschaft Bentheim) auf. Die gut 50 km lange Fahrradtour wurde traditionell durch das 22-k\u00f6pfige Team um Ludger Gude begleitet, denen ein besonderer Dank gilt. Nach der [&hellip;]<\/p>\n","protected":false},"author":1,"featured_media":0,"parent":0,"menu_order":0,"comment_status":"closed","ping_status":"closed","template":"","meta":{"ocean_post_layout":"full-screen","ocean_both_sidebars_style":"","ocean_both_sidebars_content_width":0,"ocean_both_sidebars_sidebars_width":0,"ocean_sidebar":"0","ocean_second_sidebar":"0","ocean_disable_margins":"enable","ocean_add_body_class":"","ocean_shortcode_before_top_bar":"","ocean_shortcode_after_top_bar":"","ocean_shortcode_before_header":"","ocean_shortcode_after_header":"","ocean_has_shortcode":"","ocean_shortcode_after_title":"","ocean_shortcode_before_footer_widgets":"","ocean_shortcode_after_footer_widgets":"","ocean_shortcode_before_footer_bottom":"","ocean_shortcode_after_footer_bottom":"","ocean_display_top_bar":"off","ocean_display_header":"on","ocean_header_style":"","ocean_center_header_left_menu":"0","ocean_custom_header_template":"0","ocean_custom_logo":0,"ocean_custom_retina_logo":0,"ocean_custom_logo_max_width":0,"ocean_custom_logo_tablet_max_width":0,"ocean_custom_logo_mobile_max_width":0,"ocean_custom_logo_max_height":0,"ocean_custom_logo_tablet_max_height":0,"ocean_custom_logo_mobile_max_height":0,"ocean_header_custom_menu":"0","ocean_menu_typo_font_family":"0","ocean_menu_typo_font_subset":"","ocean_menu_typo_font_size":0,"ocean_menu_typo_font_size_tablet":0,"ocean_menu_typo_font_size_mobile":0,"ocean_menu_typo_font_size_unit":"px","ocean_menu_typo_font_weight":"","ocean_menu_typo_font_weight_tablet":"","ocean_menu_typo_font_weight_mobile":"","ocean_menu_typo_transform":"","ocean_menu_typo_transform_tablet":"","ocean_menu_typo_transform_mobile":"","ocean_menu_typo_line_height":0,"ocean_menu_typo_line_height_tablet":0,"ocean_menu_typo_line_height_mobile":0,"ocean_menu_typo_line_height_unit":"","ocean_menu_typo_spacing":0,"ocean_menu_typo_spacing_tablet":0,"ocean_menu_typo_spacing_mobile":0,"ocean_menu_typo_spacing_unit":"","ocean_menu_link_color":"","ocean_menu_link_color_hover":"","ocean_menu_link_color_active":"","ocean_menu_link_background":"","ocean_menu_link_hover_background":"","ocean_menu_link_active_background":"","ocean_menu_social_links_bg":"","ocean_menu_social_hover_links_bg":"","ocean_menu_social_links_color":"","ocean_menu_social_hover_links_color":"","ocean_disable_title":"on","ocean_disable_heading":"default","ocean_post_title":"","ocean_post_subheading":"","ocean_post_title_style":"","ocean_post_title_background_color":"","ocean_post_title_background":0,"ocean_post_title_bg_image_position":"","ocean_post_title_bg_image_attachment":"","ocean_post_title_bg_image_repeat":"","ocean_post_title_bg_image_size":"","ocean_post_title_height":0,"ocean_post_title_bg_overlay":0.5,"ocean_post_title_bg_overlay_color":"","ocean_disable_breadcrumbs":"default","ocean_breadcrumbs_color":"","ocean_breadcrumbs_separator_color":"","ocean_breadcrumbs_links_color":"","ocean_breadcrumbs_links_hover_color":"","ocean_display_footer_widgets":"off","ocean_display_footer_bottom":"off","ocean_custom_footer_template":"0","footnotes":""},"class_list":["post-644","page","type-page","status-publish","hentry","entry"],"_links":{"self":[{"href":"https:\/\/zeltlager-thuine.de\/index.php\/wp-json\/wp\/v2\/pages\/644"}],"collection":[{"href":"https:\/\/zeltlager-thuine.de\/index.php\/wp-json\/wp\/v2\/pages"}],"about":[{"href":"https:\/\/zeltlager-thuine.de\/index.php\/wp-json\/wp\/v2\/types\/page"}],"author":[{"embeddable":true,"href":"https:\/\/zeltlager-thuine.de\/index.php\/wp-json\/wp\/v2\/users\/1"}],"replies":[{"embeddable":true,"href":"https:\/\/zeltlager-thuine.de\/index.php\/wp-json\/wp\/v2\/comments?post=644"}],"version-history":[{"count":15,"href":"https:\/\/zeltlager-thuine.de\/index.php\/wp-json\/wp\/v2\/pages\/644\/revisions"}],"predecessor-version":[{"id":5722,"href":"https:\/\/zeltlager-thuine.de\/index.php\/wp-json\/wp\/v2\/pages\/644\/revisions\/5722"}],"wp:attachment":[{"href":"https:\/\/zeltlager-thuine.de\/index.php\/wp-json\/wp\/v2\/media?parent=644"}],"curies":[{"name":"wp","href":"https:\/\/api.w.org\/{rel}","templated":true}]}}