{"id":5917,"date":"2021-02-03T20:22:58","date_gmt":"2021-02-03T20:22:58","guid":{"rendered":"https:\/\/zeltlager-thuine.de\/?page_id=5917"},"modified":"2021-02-03T20:31:32","modified_gmt":"2021-02-03T20:31:32","slug":"2014-2","status":"publish","type":"page","link":"https:\/\/zeltlager-thuine.de\/index.php\/2014-2\/","title":{"rendered":"2014"},"content":{"rendered":"\t\t<div data-elementor-type=\"wp-page\" data-elementor-id=\"5917\" class=\"elementor elementor-5917\">\n\t\t\t\t\t\t<section class=\"elementor-section elementor-top-section elementor-element elementor-element-04dcea1 elementor-section-boxed elementor-section-height-default elementor-section-height-default\" data-id=\"04dcea1\" data-element_type=\"section\">\n\t\t\t\t\t\t<div class=\"elementor-container elementor-column-gap-default\">\n\t\t\t\t\t<div class=\"elementor-column elementor-col-100 elementor-top-column elementor-element elementor-element-5f28e16\" data-id=\"5f28e16\" data-element_type=\"column\">\n\t\t\t<div class=\"elementor-widget-wrap elementor-element-populated\">\n\t\t\t\t\t\t<div class=\"elementor-element elementor-element-036d80b elementor-widget elementor-widget-heading\" data-id=\"036d80b\" data-element_type=\"widget\" data-widget_type=\"heading.default\">\n\t\t\t\t<div class=\"elementor-widget-container\">\n\t\t\t<h2 class=\"elementor-heading-title elementor-size-default\"><br>Zeltlager 2014 in Ueffeln<\/h2>\t\t<\/div>\n\t\t\t\t<\/div>\n\t\t\t\t\t<\/div>\n\t\t<\/div>\n\t\t\t\t\t<\/div>\n\t\t<\/section>\n\t\t\t\t<section class=\"elementor-section elementor-top-section elementor-element elementor-element-9a7b8e0 elementor-section-boxed elementor-section-height-default elementor-section-height-default\" data-id=\"9a7b8e0\" data-element_type=\"section\">\n\t\t\t\t\t\t<div class=\"elementor-container elementor-column-gap-default\">\n\t\t\t\t\t<div class=\"elementor-column elementor-col-100 elementor-top-column elementor-element elementor-element-e723655\" data-id=\"e723655\" data-element_type=\"column\">\n\t\t\t<div class=\"elementor-widget-wrap elementor-element-populated\">\n\t\t\t\t\t\t<div class=\"elementor-element elementor-element-79725e0 elementor-widget elementor-widget-text-editor\" data-id=\"79725e0\" data-element_type=\"widget\" data-widget_type=\"text-editor.default\">\n\t\t\t\t<div class=\"elementor-widget-container\">\n\t\t\t\t\t\t\t<span style=\"color: #000000;\">Es war einmal in einem weit entfernten Land namens Ueffeln. Dort gab es eine gro\u00dfe Wiese mit nichts als Gras, einem kleinen Wald und viel freier Fl\u00e4che&#8230; Doch bald war es mit dieser Ruhe vorbei, denn dann kamen die Thuiner. Am Dienstag, den 29.07.2014 nahmen sich acht Jungs ein paar Fahrzeuge, beluden diese mit vielen Zelten, einem Unterstand- und einem K\u00fcchenzelt-Bausatz, einigen Toiletten und einem Wimpel und steuerten die besagte Wiese an. Hier bauten sie in nur vier Tagen eine Stadt auf, die sie Zeltlager Thuine-Suttrup-Lohe nannten. <\/span>\t\t\t\t\t\t<\/div>\n\t\t\t\t<\/div>\n\t\t\t\t\t<\/div>\n\t\t<\/div>\n\t\t\t\t\t<\/div>\n\t\t<\/section>\n\t\t\t\t<section class=\"elementor-section elementor-top-section elementor-element elementor-element-9f08ee7 elementor-section-boxed elementor-section-height-default elementor-section-height-default\" data-id=\"9f08ee7\" data-element_type=\"section\">\n\t\t\t\t\t\t<div class=\"elementor-container elementor-column-gap-default\">\n\t\t\t\t\t<div class=\"elementor-column elementor-col-100 elementor-top-column elementor-element elementor-element-d539a8b\" data-id=\"d539a8b\" data-element_type=\"column\">\n\t\t\t<div class=\"elementor-widget-wrap elementor-element-populated\">\n\t\t\t\t\t\t<div class=\"elementor-element elementor-element-80cddf8 elementor-widget elementor-widget-image\" data-id=\"80cddf8\" data-element_type=\"widget\" data-widget_type=\"image.default\">\n\t\t\t\t<div class=\"elementor-widget-container\">\n\t\t\t\t\t\t\t\t\t\t\t\t\t<img fetchpriority=\"high\" decoding=\"async\" width=\"1024\" height=\"683\" src=\"https:\/\/zeltlager-thuine.de\/wp-content\/uploads\/2021\/01\/zela_2014_Bericht_02-1024x683.jpg\" class=\"attachment-large size-large wp-image-5827\" alt=\"\" srcset=\"https:\/\/zeltlager-thuine.de\/wp-content\/uploads\/2021\/01\/zela_2014_Bericht_02-1024x683.jpg 1024w, https:\/\/zeltlager-thuine.de\/wp-content\/uploads\/2021\/01\/zela_2014_Bericht_02-300x200.jpg 300w, https:\/\/zeltlager-thuine.de\/wp-content\/uploads\/2021\/01\/zela_2014_Bericht_02-768x512.jpg 768w, https:\/\/zeltlager-thuine.de\/wp-content\/uploads\/2021\/01\/zela_2014_Bericht_02.jpg 1095w\" sizes=\"(max-width: 1024px) 100vw, 1024px\" \/>\t\t\t\t\t\t\t\t\t\t\t\t\t<\/div>\n\t\t\t\t<\/div>\n\t\t\t\t\t<\/div>\n\t\t<\/div>\n\t\t\t\t\t<\/div>\n\t\t<\/section>\n\t\t\t\t<section class=\"elementor-section elementor-top-section elementor-element elementor-element-31bab03 elementor-section-boxed elementor-section-height-default elementor-section-height-default\" data-id=\"31bab03\" data-element_type=\"section\">\n\t\t\t\t\t\t<div class=\"elementor-container elementor-column-gap-default\">\n\t\t\t\t\t<div class=\"elementor-column elementor-col-100 elementor-top-column elementor-element elementor-element-168527a\" data-id=\"168527a\" data-element_type=\"column\">\n\t\t\t<div class=\"elementor-widget-wrap elementor-element-populated\">\n\t\t\t\t\t\t<div class=\"elementor-element elementor-element-8fa85f5 elementor-widget elementor-widget-text-editor\" data-id=\"8fa85f5\" data-element_type=\"widget\" data-widget_type=\"text-editor.default\">\n\t\t\t\t<div class=\"elementor-widget-container\">\n\t\t\t\t\t\t\t<span style=\"color: #000000;\">Als sich jedoch im beschaulichen Thuine die Kunde von der Existenz dieser Stadt verbreitete, setzte sich eine Schar von 111 Thuinern und ihnen Wohlgesonnenen in Bewegung, um dieses Zeltlager zu besiedeln. So packten sie ihre Taschen und traten mit ihren Fahrr\u00e4dern die Reise von 39 km an, immer das Zeltlager vor Augen.\nIn Ueffeln angekommen wurde nicht lange tatenlos verweilt, sondern direkt ein Wimpelmast errichtet und eine lustige Lagerrunde gemacht, bei der die Stadtbewohner sich untereinander und das Lager kennenlernten. Nach einer verdienten Nacht entspannten Schlafes wachte man in einer anderen Klimazone auf. Bei n\u00e4herer Betrachtung stellte sich heraus, Ueffeln war \u00fcber Nacht zu Hawaii geworden. Dies wurde in entsprechender Kleidung mit Cocktails gefeiert, die unter den neu gebauten Palmen oder im selbst gebauten Pool genossen wurden. Abends fr\u00f6nte man im lagereigenen Casino dem Gl\u00fccksspiel und tanzte anschlie\u00dfend in der Disco zu den Rhythmen von DJ Benni. <\/span>\t\t\t\t\t\t<\/div>\n\t\t\t\t<\/div>\n\t\t\t\t\t<\/div>\n\t\t<\/div>\n\t\t\t\t\t<\/div>\n\t\t<\/section>\n\t\t\t\t<section class=\"elementor-section elementor-top-section elementor-element elementor-element-7a92942 elementor-section-boxed elementor-section-height-default elementor-section-height-default\" data-id=\"7a92942\" data-element_type=\"section\">\n\t\t\t\t\t\t<div class=\"elementor-container elementor-column-gap-default\">\n\t\t\t\t\t<div class=\"elementor-column elementor-col-100 elementor-top-column elementor-element elementor-element-95999ae\" data-id=\"95999ae\" data-element_type=\"column\">\n\t\t\t<div class=\"elementor-widget-wrap elementor-element-populated\">\n\t\t\t\t\t\t<div class=\"elementor-element elementor-element-2ceb878 elementor-widget elementor-widget-image\" data-id=\"2ceb878\" data-element_type=\"widget\" data-widget_type=\"image.default\">\n\t\t\t\t<div class=\"elementor-widget-container\">\n\t\t\t\t\t\t\t\t\t\t\t\t\t<img decoding=\"async\" width=\"1024\" height=\"683\" src=\"https:\/\/zeltlager-thuine.de\/wp-content\/uploads\/2021\/01\/zela_2014_Bericht_04-1024x683.jpg\" class=\"attachment-large size-large wp-image-5829\" alt=\"\" srcset=\"https:\/\/zeltlager-thuine.de\/wp-content\/uploads\/2021\/01\/zela_2014_Bericht_04-1024x683.jpg 1024w, https:\/\/zeltlager-thuine.de\/wp-content\/uploads\/2021\/01\/zela_2014_Bericht_04-300x200.jpg 300w, https:\/\/zeltlager-thuine.de\/wp-content\/uploads\/2021\/01\/zela_2014_Bericht_04-768x512.jpg 768w, https:\/\/zeltlager-thuine.de\/wp-content\/uploads\/2021\/01\/zela_2014_Bericht_04.jpg 1095w\" sizes=\"(max-width: 1024px) 100vw, 1024px\" \/>\t\t\t\t\t\t\t\t\t\t\t\t\t<\/div>\n\t\t\t\t<\/div>\n\t\t\t\t\t<\/div>\n\t\t<\/div>\n\t\t\t\t\t<\/div>\n\t\t<\/section>\n\t\t\t\t<section class=\"elementor-section elementor-top-section elementor-element elementor-element-8f9c70c elementor-section-boxed elementor-section-height-default elementor-section-height-default\" data-id=\"8f9c70c\" data-element_type=\"section\">\n\t\t\t\t\t\t<div class=\"elementor-container elementor-column-gap-default\">\n\t\t\t\t\t<div class=\"elementor-column elementor-col-100 elementor-top-column elementor-element elementor-element-9c53829\" data-id=\"9c53829\" data-element_type=\"column\">\n\t\t\t<div class=\"elementor-widget-wrap elementor-element-populated\">\n\t\t\t\t\t\t<div class=\"elementor-element elementor-element-28953e7 elementor-widget elementor-widget-text-editor\" data-id=\"28953e7\" data-element_type=\"widget\" data-widget_type=\"text-editor.default\">\n\t\t\t\t<div class=\"elementor-widget-container\">\n\t\t\t\t\t\t\t<span style=\"color: #000000;\">Als man am Montag wieder in Ueffeln aufwachte, erheiterten sich die Stadtbewohner an einem Stationsspiel, genossen nachmittags das k\u00fchle Nass im Freibad und rivalisierten abends beim Geschlechterkampf. Nach dem geordneten Chaosspiel am Dienstag fuhren alle Bewohner mit dem Bus nach Osnabr\u00fcck ins Nettebad. Die zum Teil waghalsigen Rutschman\u00f6ver blieben nicht ohne Blessuren, es konnten aber alle die R\u00fcckreise zum Lager wieder antreten. \nIm weiteren Verlauf der Woche standen viele weitere Highlights auf dem Programm. So waren einige \u201eUreinwohner\u201c Thuines der Einladung gefolgt, sich im Fu\u00dfballspiel gegen die Zeltlagerkinder zu messen. Nach einem schmeichelhaften Unentschieden und anschlie\u00dfender fleischhaltiger Verpflegung im Lager traten die Alten Herren die R\u00fcckreise und die Bewohner des Zeltlagers die Nachtwanderung an. Sie trotzten dem Regen, der Dunkelheit und den mysteri\u00f6sen Gestalten des Waldes und erreichten schlie\u00dflich unversehrt das Lager &#8211; gerade noch p\u00fcnktlich, um es vor einer Truppe Angreifern zu sch\u00fctzen und erfolgreich den Wimpel zu verteidigen.<\/span>\t\t\t\t\t\t<\/div>\n\t\t\t\t<\/div>\n\t\t\t\t\t<\/div>\n\t\t<\/div>\n\t\t\t\t\t<\/div>\n\t\t<\/section>\n\t\t\t\t<section class=\"elementor-section elementor-top-section elementor-element elementor-element-6f9cc7f elementor-section-boxed elementor-section-height-default elementor-section-height-default\" data-id=\"6f9cc7f\" data-element_type=\"section\">\n\t\t\t\t\t\t<div class=\"elementor-container elementor-column-gap-default\">\n\t\t\t\t\t<div class=\"elementor-column elementor-col-100 elementor-top-column elementor-element elementor-element-409e5ff\" data-id=\"409e5ff\" data-element_type=\"column\">\n\t\t\t<div class=\"elementor-widget-wrap elementor-element-populated\">\n\t\t\t\t\t\t<div class=\"elementor-element elementor-element-ee5c5b8 elementor-widget elementor-widget-image\" data-id=\"ee5c5b8\" data-element_type=\"widget\" data-widget_type=\"image.default\">\n\t\t\t\t<div class=\"elementor-widget-container\">\n\t\t\t\t\t\t\t\t\t\t\t\t\t<img decoding=\"async\" width=\"922\" height=\"692\" src=\"https:\/\/zeltlager-thuine.de\/wp-content\/uploads\/2021\/01\/zela_2014_Bericht_01.jpg\" class=\"attachment-large size-large wp-image-5826\" alt=\"\" srcset=\"https:\/\/zeltlager-thuine.de\/wp-content\/uploads\/2021\/01\/zela_2014_Bericht_01.jpg 922w, https:\/\/zeltlager-thuine.de\/wp-content\/uploads\/2021\/01\/zela_2014_Bericht_01-300x225.jpg 300w, https:\/\/zeltlager-thuine.de\/wp-content\/uploads\/2021\/01\/zela_2014_Bericht_01-768x576.jpg 768w\" sizes=\"(max-width: 922px) 100vw, 922px\" \/>\t\t\t\t\t\t\t\t\t\t\t\t\t<\/div>\n\t\t\t\t<\/div>\n\t\t\t\t\t<\/div>\n\t\t<\/div>\n\t\t\t\t\t<\/div>\n\t\t<\/section>\n\t\t\t\t<section class=\"elementor-section elementor-top-section elementor-element elementor-element-4c2b2c7 elementor-section-boxed elementor-section-height-default elementor-section-height-default\" data-id=\"4c2b2c7\" data-element_type=\"section\">\n\t\t\t\t\t\t<div class=\"elementor-container elementor-column-gap-default\">\n\t\t\t\t\t<div class=\"elementor-column elementor-col-100 elementor-top-column elementor-element elementor-element-13b6ca5\" data-id=\"13b6ca5\" data-element_type=\"column\">\n\t\t\t<div class=\"elementor-widget-wrap elementor-element-populated\">\n\t\t\t\t\t\t<div class=\"elementor-element elementor-element-f3fcf4c elementor-widget elementor-widget-text-editor\" data-id=\"f3fcf4c\" data-element_type=\"widget\" data-widget_type=\"text-editor.default\">\n\t\t\t\t<div class=\"elementor-widget-container\">\n\t\t\t\t\t\t\t<p><span style=\"color: #000000;\">Am Donnerstag feierte man gemeinsam mit Pastor H\u00f6ckelmann den Gottesdienst bevor es wieder ins Freibad ging und am Abend in der Mini-Playback-Show die musikalischen Talente gek\u00fcrt wurden. Nach einem weiteren Stationsspiel, bei dem dieses Mal die Kinder die Stationen vorbereiteten und die Gruppenleiter um Punkte k\u00e4mpfen mussten, wurde zum Abschluss einer grandiosen, harmonischen, stimmungsvollen, ersch\u00f6pfenden, aufregenden, interessanten Woche am Bunten Abend das Supertalent des Zeltlagers gesucht und gefunden.<br \/>Genauso schnell, wie der mutige Trupp aus Thuine das Lager besiedelt hatte, brach man am Samstag, den 09.08.2014 die Stadt wieder ab und trat die Reise ins beschauliche Thuine an. Zu Hause ist es eben doch am Sch\u00f6nsten \ud83d\ude09<\/span><\/p><p><span style=\"color: #000000;\">Alles in allem k\u00f6nnen wir 2014 wieder auf eine tolle Zeltlagerwoche zur\u00fcckblicken. Bei super Wetter und noch besserer Stimmung kam das Ende viel zu fr\u00fch.<\/span><br \/><span style=\"color: #000000;\">Ein besonderer Dank geht an das Gruppenleiterteam f\u00fcr die Planung und Durchf\u00fchrung des Programms, an das K\u00fcchenteam f\u00fcr das leckere Essen und an die Kinder f\u00fcr eine gro\u00dfartige Woche. Au\u00dferdem danken wir Judith Mey und Klaus M\u00f6ller, die schon lange im Voraus und auch w\u00e4hrend der Zeltlagerwoche die F\u00e4den in der Hand halten.<\/span><\/p><p><span style=\"color: #000000;\">Und wie jeder wei\u00df, ist der Bau einer Stadt nur mit vielen helfenden H\u00e4nden durchf\u00fchrbar.<\/span><br \/><span style=\"color: #000000;\">DANKE, dass wir uns jederzeit an jedermann wenden k\u00f6nnen und auf eure Hilfe z\u00e4hlen k\u00f6nnen: Firmen Bossat, bp, Kall, Kampmann, Kuiter, Papenbrock, Surmann, Voss, Kirchengemeinde, politische Gemeinde, KLJB Suttrup-Lohe, Mutter-Kind-Gruppen Thuine, Alte Herren-Mannschaft, Ludger Gude und dem Radfahrerteam, Familien G. Diestel, B. Holle, L. van Roje, Doris Holle und Inge Bruns, Heidi Sunder und Maria Roling, Mark Driever, Norbert Pollmann, Dieter Albers, Christoph Roling, Sebastian Bruns, Thomas Gebbe, Ralph Prekel und all die anderen, die durch ihren Einsatz unser Zeltlager erst m\u00f6glich machen.<\/span><\/p>\t\t\t\t\t\t<\/div>\n\t\t\t\t<\/div>\n\t\t\t\t\t<\/div>\n\t\t<\/div>\n\t\t\t\t\t<\/div>\n\t\t<\/section>\n\t\t\t\t<section class=\"elementor-section elementor-top-section elementor-element elementor-element-29f15b9 elementor-section-boxed elementor-section-height-default elementor-section-height-default\" data-id=\"29f15b9\" data-element_type=\"section\">\n\t\t\t\t\t\t<div class=\"elementor-container elementor-column-gap-default\">\n\t\t\t\t\t<div class=\"elementor-column elementor-col-100 elementor-top-column elementor-element elementor-element-43ead22\" data-id=\"43ead22\" data-element_type=\"column\">\n\t\t\t<div class=\"elementor-widget-wrap elementor-element-populated\">\n\t\t\t\t\t\t<div class=\"elementor-element elementor-element-5fa8f86 elementor-widget elementor-widget-image\" data-id=\"5fa8f86\" data-element_type=\"widget\" data-widget_type=\"image.default\">\n\t\t\t\t<div class=\"elementor-widget-container\">\n\t\t\t\t\t\t\t\t\t\t\t\t\t<img loading=\"lazy\" decoding=\"async\" width=\"922\" height=\"692\" src=\"https:\/\/zeltlager-thuine.de\/wp-content\/uploads\/2021\/01\/zela_2014_Bericht_03.jpg\" class=\"attachment-large size-large wp-image-5828\" alt=\"\" srcset=\"https:\/\/zeltlager-thuine.de\/wp-content\/uploads\/2021\/01\/zela_2014_Bericht_03.jpg 922w, https:\/\/zeltlager-thuine.de\/wp-content\/uploads\/2021\/01\/zela_2014_Bericht_03-300x225.jpg 300w, https:\/\/zeltlager-thuine.de\/wp-content\/uploads\/2021\/01\/zela_2014_Bericht_03-768x576.jpg 768w\" sizes=\"(max-width: 922px) 100vw, 922px\" \/>\t\t\t\t\t\t\t\t\t\t\t\t\t<\/div>\n\t\t\t\t<\/div>\n\t\t\t\t\t<\/div>\n\t\t<\/div>\n\t\t\t\t\t<\/div>\n\t\t<\/section>\n\t\t\t\t<section class=\"elementor-section elementor-top-section elementor-element elementor-element-ee973dd elementor-section-boxed elementor-section-height-default elementor-section-height-default\" data-id=\"ee973dd\" data-element_type=\"section\">\n\t\t\t\t\t\t<div class=\"elementor-container elementor-column-gap-default\">\n\t\t\t\t\t<div class=\"elementor-column elementor-col-100 elementor-top-column elementor-element elementor-element-dcd37fb\" data-id=\"dcd37fb\" data-element_type=\"column\">\n\t\t\t<div class=\"elementor-widget-wrap elementor-element-populated\">\n\t\t\t\t\t\t<div class=\"elementor-element elementor-element-f5b49f8 elementor-widget elementor-widget-text-editor\" data-id=\"f5b49f8\" data-element_type=\"widget\" data-widget_type=\"text-editor.default\">\n\t\t\t\t<div class=\"elementor-widget-container\">\n\t\t\t\t\t\t\t<p><span style=\"color: #000000;\">Es sind noch einige Fundsachen aufgetaucht: mehrere Handt\u00fccher, ein Saunatuch, karierte Kindershorts, M\u00e4dchenjeans Gr. 152, kurze blaue Hose Gr. 40, gr\u00fcnes T-Shirt Gr. S, ein T-Shirt &#8222;Fleisch f\u00e4ngt erst ab 300g an &#8230;&#8220;, Jungenjeans Klasse 4 und eine Jungen Badeshorts.<\/span><\/p>\t\t\t\t\t\t<\/div>\n\t\t\t\t<\/div>\n\t\t\t\t\t<\/div>\n\t\t<\/div>\n\t\t\t\t\t<\/div>\n\t\t<\/section>\n\t\t\t\t<section class=\"elementor-section elementor-top-section elementor-element elementor-element-70a7ff6 elementor-section-boxed elementor-section-height-default elementor-section-height-default\" data-id=\"70a7ff6\" data-element_type=\"section\">\n\t\t\t\t\t\t<div class=\"elementor-container elementor-column-gap-default\">\n\t\t\t\t\t<div class=\"elementor-column elementor-col-100 elementor-top-column elementor-element elementor-element-1f3e42c\" data-id=\"1f3e42c\" data-element_type=\"column\">\n\t\t\t<div class=\"elementor-widget-wrap elementor-element-populated\">\n\t\t\t\t\t\t<div class=\"elementor-element elementor-element-d4614b7 elementor-widget elementor-widget-text-editor\" data-id=\"d4614b7\" data-element_type=\"widget\" data-widget_type=\"text-editor.default\">\n\t\t\t\t<div class=\"elementor-widget-container\">\n\t\t\t\t\t\t\t<span style=\"color: #000000;\">Stand: 25. August 2014<\/span>\t\t\t\t\t\t<\/div>\n\t\t\t\t<\/div>\n\t\t\t\t\t<\/div>\n\t\t<\/div>\n\t\t\t\t\t<\/div>\n\t\t<\/section>\n\t\t\t\t<\/div>\n\t\t","protected":false},"excerpt":{"rendered":"<p>Zeltlager 2014 in Ueffeln Es war einmal in einem weit entfernten Land namens Ueffeln. Dort gab es eine gro\u00dfe Wiese mit nichts als Gras, einem kleinen Wald und viel freier Fl\u00e4che&#8230; Doch bald war es mit dieser Ruhe vorbei, denn dann kamen die Thuiner. Am Dienstag, den 29.07.2014 nahmen sich acht Jungs ein paar Fahrzeuge, [&hellip;]<\/p>\n","protected":false},"author":1,"featured_media":0,"parent":0,"menu_order":0,"comment_status":"closed","ping_status":"closed","template":"","meta":{"ocean_post_layout":"full-screen","ocean_both_sidebars_style":"","ocean_both_sidebars_content_width":0,"ocean_both_sidebars_sidebars_width":0,"ocean_sidebar":"0","ocean_second_sidebar":"0","ocean_disable_margins":"enable","ocean_add_body_class":"","ocean_shortcode_before_top_bar":"","ocean_shortcode_after_top_bar":"","ocean_shortcode_before_header":"","ocean_shortcode_after_header":"","ocean_has_shortcode":"","ocean_shortcode_after_title":"","ocean_shortcode_before_footer_widgets":"","ocean_shortcode_after_footer_widgets":"","ocean_shortcode_before_footer_bottom":"","ocean_shortcode_after_footer_bottom":"","ocean_display_top_bar":"off","ocean_display_header":"on","ocean_header_style":"","ocean_center_header_left_menu":"0","ocean_custom_header_template":"0","ocean_custom_logo":0,"ocean_custom_retina_logo":0,"ocean_custom_logo_max_width":0,"ocean_custom_logo_tablet_max_width":0,"ocean_custom_logo_mobile_max_width":0,"ocean_custom_logo_max_height":0,"ocean_custom_logo_tablet_max_height":0,"ocean_custom_logo_mobile_max_height":0,"ocean_header_custom_menu":"0","ocean_menu_typo_font_family":"0","ocean_menu_typo_font_subset":"","ocean_menu_typo_font_size":0,"ocean_menu_typo_font_size_tablet":0,"ocean_menu_typo_font_size_mobile":0,"ocean_menu_typo_font_size_unit":"px","ocean_menu_typo_font_weight":"","ocean_menu_typo_font_weight_tablet":"","ocean_menu_typo_font_weight_mobile":"","ocean_menu_typo_transform":"","ocean_menu_typo_transform_tablet":"","ocean_menu_typo_transform_mobile":"","ocean_menu_typo_line_height":0,"ocean_menu_typo_line_height_tablet":0,"ocean_menu_typo_line_height_mobile":0,"ocean_menu_typo_line_height_unit":"","ocean_menu_typo_spacing":0,"ocean_menu_typo_spacing_tablet":0,"ocean_menu_typo_spacing_mobile":0,"ocean_menu_typo_spacing_unit":"","ocean_menu_link_color":"","ocean_menu_link_color_hover":"","ocean_menu_link_color_active":"","ocean_menu_link_background":"","ocean_menu_link_hover_background":"","ocean_menu_link_active_background":"","ocean_menu_social_links_bg":"","ocean_menu_social_hover_links_bg":"","ocean_menu_social_links_color":"","ocean_menu_social_hover_links_color":"","ocean_disable_title":"on","ocean_disable_heading":"default","ocean_post_title":"","ocean_post_subheading":"","ocean_post_title_style":"","ocean_post_title_background_color":"","ocean_post_title_background":0,"ocean_post_title_bg_image_position":"","ocean_post_title_bg_image_attachment":"","ocean_post_title_bg_image_repeat":"","ocean_post_title_bg_image_size":"","ocean_post_title_height":0,"ocean_post_title_bg_overlay":0.5,"ocean_post_title_bg_overlay_color":"","ocean_disable_breadcrumbs":"default","ocean_breadcrumbs_color":"","ocean_breadcrumbs_separator_color":"","ocean_breadcrumbs_links_color":"","ocean_breadcrumbs_links_hover_color":"","ocean_display_footer_widgets":"off","ocean_display_footer_bottom":"off","ocean_custom_footer_template":"0","footnotes":""},"class_list":["post-5917","page","type-page","status-publish","hentry","entry"],"_links":{"self":[{"href":"https:\/\/zeltlager-thuine.de\/index.php\/wp-json\/wp\/v2\/pages\/5917"}],"collection":[{"href":"https:\/\/zeltlager-thuine.de\/index.php\/wp-json\/wp\/v2\/pages"}],"about":[{"href":"https:\/\/zeltlager-thuine.de\/index.php\/wp-json\/wp\/v2\/types\/page"}],"author":[{"embeddable":true,"href":"https:\/\/zeltlager-thuine.de\/index.php\/wp-json\/wp\/v2\/users\/1"}],"replies":[{"embeddable":true,"href":"https:\/\/zeltlager-thuine.de\/index.php\/wp-json\/wp\/v2\/comments?post=5917"}],"version-history":[{"count":4,"href":"https:\/\/zeltlager-thuine.de\/index.php\/wp-json\/wp\/v2\/pages\/5917\/revisions"}],"predecessor-version":[{"id":5922,"href":"https:\/\/zeltlager-thuine.de\/index.php\/wp-json\/wp\/v2\/pages\/5917\/revisions\/5922"}],"wp:attachment":[{"href":"https:\/\/zeltlager-thuine.de\/index.php\/wp-json\/wp\/v2\/media?parent=5917"}],"curies":[{"name":"wp","href":"https:\/\/api.w.org\/{rel}","templated":true}]}}